{"id":571,"date":"2024-03-19T11:59:26","date_gmt":"2024-03-19T15:59:26","guid":{"rendered":"https:\/\/www.brightridge.com\/?page_id=571"},"modified":"2025-08-26T08:35:16","modified_gmt":"2025-08-26T12:35:16","slug":"request-for-public-comment","status":"publish","type":"page","link":"https:\/\/www.brightridge.com\/es\/request-for-public-comment\/","title":{"rendered":"Solicitud de comentario p\u00fablico"},"content":{"rendered":"<!-- Hero Cached -->\n<style>\n.hero-contain{max-width: 1440px;margin-right:auto;margin-left:auto}\n#hero-section{\n  background-image: url(https:\/\/www.brightridge.com\/wp-content\/uploads\/2024\/04\/brightridge-office-scaled.jpg);\n  background-position: center center !important;\nbackground-position-y:84% !important\n}\n#hero-section > .mask{\n  background-color: #000000A1 !important;\n}\n<\/style>\n<div id=\"hero-section\" class=\"text-center bg-image fs-18\">\n    <div class=\"mask py-5 px-6\">\n        <div class=\"hero-contain d-flex justify-content-start align-items-end h-100\">\n            <div class=\"lh-sm text-white\">\n<div class=\"text-start breadcrumbs\">        <div class=\"breadcrumb-container theme1\">\r\n                    <ol>\r\n                    <\/ol>\r\n        <script type=\"application\/ld+json\">\r\n        {\r\n            \"@context\": \"http:\/\/schema.org\",\r\n            \"@type\": \"BreadcrumbList\",\r\n            \"itemListElement\": [\r\n                            ]\r\n        }\r\n    <\/script>\r\n    <style type=\"text\/css\">\r\n        .breadcrumb-container {\r\n            font-size: 13px;\r\n        }\r\n\r\n        .breadcrumb-container ul {\r\n            margin: 0;\r\n            padding: 0;\r\n        }\r\n\r\n        .breadcrumb-container li {\r\n            box-sizing: unset;\r\n            display: inline-block;\r\n            margin: 0;\r\n            padding: 0;\r\n        }\r\n\r\n        .breadcrumb-container li a {\r\n            box-sizing: unset;\r\n            padding: 0 10px;\r\n        }\r\n\r\n        .breadcrumb-container {\r\n            font-size: 16px !important;\r\n            padding: ;\r\n            margin: ;\r\n        }\r\n\r\n        .breadcrumb-container li a {\r\n            color: #389eff !important;\r\n            font-size: 16px !important;\r\n            line-height: 16px !important;\r\n        }\r\n\r\n        .breadcrumb-container li .separator {\r\n            color: #c5c5c5 !important;\r\n            font-size: 16px !important;\r\n        }\r\n\r\n        .breadcrumb-container li:last-child .separator {\r\n            display: none;\r\n        }\r\n\r\n            <\/style>\r\n    <style type=\"text\/css\">\r\n        .breadcrumb-container.theme1 li {\r\n            margin: 0;\r\n            padding: 0;\r\n        }\r\n        .breadcrumb-container.theme1 a {\r\n            background: #ffffff;\r\n            display: inline-block;\r\n            margin: 0 5px;\r\n            padding: 5px 10px;\r\n            text-decoration: none;\r\n        }\r\n    <\/style>\r\n        <style type=\"text\/css\">\r\n        .breadcrumb-container{}\r\n.breadcrumb-container ul{}\r\n.breadcrumb-container li{}\r\n.breadcrumb-container a{}\r\n.breadcrumb-container .separator{}\r\n    <\/style>\r\n    <script>\r\n            <\/script>\r\n        <\/div>\r\n        <\/div>\n                <h1 class=\"mb-3 lh-1 text-start fs-72 text-white fw-400\">Request for Public Comment<\/h1>\n                <div class=\"fw-normal text-start h5 mb-1\"><hr \/>\n<p>&nbsp;<\/p><\/div>\n            <\/div>\n        <\/div>\n    <\/div>\n<\/div>\n\n<div class=\"gb-container gb-container-311a9734\">\n<div class=\"gb-container gb-container-58f7ce2d\">\n<div class=\"gb-container gb-container-56edb767\">\n<div class=\"gb-container gb-container-e36400ef\">\n\n<p>Beginning with the July 2023 meeting of the Board of Directors, BrightRidge will hold a public comment period during each meeting of the Board of Directors and its Board Committees. Comments must pertain to actionable items on the agenda and each speaker will be limited to three (3) minutes.<\/p>\n\n\n\n<p>Each comment period will take place at the start of a meeting so that input is offered prior to action being taken. The period will generally be limited to fifteen (15) minutes, and speakers will generally be determined based on order of receipt of request.<\/p>\n\n\n\n<p>Individuals wishing to speak at a public meeting must sign up at least forty-eight (48) hours prior to the meeting start time by completing the Request for Public Comment form below or by calling <a href=\"tel:(423) 952-5039\">(423) 952-5039<\/a>.<\/p>\n\n\n\n<p>To ensure that opposing viewpoints are fairly represented during the public comment period, individuals registering to speak at a meeting need to state the action item about which they wish to speak and whether they will be speaking in support of or in opposition to the item. Comments may also be provided in writing at least forty-eight (48) hours prior to the meeting start time.<\/p>\n\n\n\n<a class=\"gb-button gb-button-037c8159 gb-button-text btn bg-white\" href=\"\/about\/agenda-minutes-archive\/\">Agenda Minutes Archive<\/a>\n\n<\/div>\n\n<div class=\"gb-container gb-container-11269902\">\n\n<h2 class=\"gb-headline gb-headline-5812d79e gb-headline-text\" id=\"startCommercialForm\">Request for Public Comment<\/h2>\n\n\n\n<iframe title=\"Request for Public Comment\" src=\"https:\/\/form.jotform.com\/232013660258146?parentURL=https%3A%2F%2Fwww.brightridge.com%2Frequest-for-public-comment%2F&amp;jsForm=true\" allow=\"geolocation; microphone; camera; fullscreen\" name=\"232013660258146\" id=\"232013660258146\" scrolling=\"yes\" style=\"width: 10px; min-width: 100%; display: block; overflow: hidden; height: 1599px; border: none;\"><\/iframe>\n\n<\/div>\n<\/div>\n<\/div>\n<\/div>","protected":false},"excerpt":{"rendered":"<p>Beginning with the July 2023 meeting of the Board of Directors, BrightRidge will hold a public comment period during each meeting of the Board of Directors and its Board Committees. Comments must pertain to actionable items on the agenda and each speaker will be limited to three (3) minutes. Each comment period will take place [&hellip;]<\/p>\n","protected":false},"author":1,"featured_media":0,"parent":0,"menu_order":0,"comment_status":"closed","ping_status":"closed","template":"","meta":{"_searchwp_excluded":"","scheme-type":"","footnotes":""},"wf_page_folders":[31],"class_list":["post-571","page","type-page","status-publish","hentry"],"yoast_head":"<!-- This site is optimized with the Yoast SEO plugin v27.1.1 - https:\/\/yoast.com\/product\/yoast-seo-wordpress\/ -->\n<title>Request for Public Comment<\/title>\n<meta name=\"description\" content=\"Beginning with the July 2023 meeting of the Board of Directors, BrightRidge will hold a public comment period during each meeting of the Board of\" \/>\n<meta name=\"robots\" content=\"index, follow, max-snippet:-1, max-image-preview:large, max-video-preview:-1\" \/>\n<link rel=\"canonical\" href=\"https:\/\/www.brightridge.com\/es\/request-for-public-comment\/\" \/>\n<meta property=\"og:locale\" content=\"es_ES\" \/>\n<meta property=\"og:type\" content=\"article\" \/>\n<meta property=\"og:title\" content=\"Request for Public Comment\" \/>\n<meta property=\"og:description\" content=\"Beginning with the July 2023 meeting of the Board of Directors, BrightRidge will hold a public comment period during each meeting of the Board of\" \/>\n<meta property=\"og:url\" content=\"https:\/\/www.brightridge.com\/es\/request-for-public-comment\/\" \/>\n<meta property=\"og:site_name\" content=\"BrightRidge Electric\" \/>\n<meta property=\"article:publisher\" content=\"https:\/\/www.facebook.com\/YourBrightRidge\/?ref=ts\" \/>\n<meta property=\"article:modified_time\" content=\"2025-08-26T12:35:16+00:00\" \/>\n<meta name=\"twitter:card\" content=\"summary_large_image\" \/>\n<meta name=\"twitter:site\" content=\"@YourBrightRidge\" \/>\n<meta name=\"twitter:label1\" content=\"Tiempo de lectura\" \/>\n\t<meta name=\"twitter:data1\" content=\"1 minuto\" \/>\n<script type=\"application\/ld+json\" class=\"yoast-schema-graph\">{\"@context\":\"https:\/\/schema.org\",\"@graph\":[{\"@type\":\"WebPage\",\"@id\":\"https:\/\/www.brightridge.com\/request-for-public-comment\/\",\"url\":\"https:\/\/www.brightridge.com\/request-for-public-comment\/\",\"name\":\"Request for Public Comment\",\"isPartOf\":{\"@id\":\"https:\/\/www.brightridge.com\/#website\"},\"datePublished\":\"2024-03-19T15:59:26+00:00\",\"dateModified\":\"2025-08-26T12:35:16+00:00\",\"description\":\"Beginning with the July 2023 meeting of the Board of Directors, BrightRidge will hold a public comment period during each meeting of the Board of\",\"breadcrumb\":{\"@id\":\"https:\/\/www.brightridge.com\/request-for-public-comment\/#breadcrumb\"},\"inLanguage\":\"es\",\"potentialAction\":[{\"@type\":\"ReadAction\",\"target\":[\"https:\/\/www.brightridge.com\/request-for-public-comment\/\"]}]},{\"@type\":\"BreadcrumbList\",\"@id\":\"https:\/\/www.brightridge.com\/request-for-public-comment\/#breadcrumb\",\"itemListElement\":[{\"@type\":\"ListItem\",\"position\":1,\"name\":\"Home\",\"item\":\"https:\/\/www.brightridge.com\/\"},{\"@type\":\"ListItem\",\"position\":2,\"name\":\"Request for Public Comment\"}]},{\"@type\":\"WebSite\",\"@id\":\"https:\/\/www.brightridge.com\/#website\",\"url\":\"https:\/\/www.brightridge.com\/\",\"name\":\"BrightRidge Electric\",\"description\":\"\",\"publisher\":{\"@id\":\"https:\/\/www.brightridge.com\/#organization\"},\"potentialAction\":[{\"@type\":\"SearchAction\",\"target\":{\"@type\":\"EntryPoint\",\"urlTemplate\":\"https:\/\/www.brightridge.com\/?s={search_term_string}\"},\"query-input\":{\"@type\":\"PropertyValueSpecification\",\"valueRequired\":true,\"valueName\":\"search_term_string\"}}],\"inLanguage\":\"es\"},{\"@type\":\"Organization\",\"@id\":\"https:\/\/www.brightridge.com\/#organization\",\"name\":\"BrightRidge Electric\",\"url\":\"https:\/\/www.brightridge.com\/\",\"logo\":{\"@type\":\"ImageObject\",\"inLanguage\":\"es\",\"@id\":\"https:\/\/www.brightridge.com\/#\/schema\/logo\/image\/\",\"url\":\"https:\/\/www.brightridge.com\/wp-content\/uploads\/2024\/02\/brightridge-logo-white.svg\",\"contentUrl\":\"https:\/\/www.brightridge.com\/wp-content\/uploads\/2024\/02\/brightridge-logo-white.svg\",\"caption\":\"BrightRidge Electric\"},\"image\":{\"@id\":\"https:\/\/www.brightridge.com\/#\/schema\/logo\/image\/\"},\"sameAs\":[\"https:\/\/www.facebook.com\/YourBrightRidge\/?ref=ts\",\"https:\/\/x.com\/YourBrightRidge\",\"https:\/\/www.linkedin.com\/company\/johnson-city-power-board\/\",\"https:\/\/www.youtube.com\/c\/BrightRidge\"]}]}<\/script>\n<!-- \/ Yoast SEO plugin. -->","yoast_head_json":{"title":"Solicitud de comentario p\u00fablico","description":"A partir de la reuni\u00f3n de la Junta Directiva de julio de 2023, BrightRidge llevar\u00e1 a cabo un per\u00edodo de comentarios p\u00fablicos durante cada reuni\u00f3n de la Junta Directiva.","robots":{"index":"index","follow":"follow","max-snippet":"max-snippet:-1","max-image-preview":"max-image-preview:large","max-video-preview":"max-video-preview:-1"},"canonical":"https:\/\/www.brightridge.com\/es\/request-for-public-comment\/","og_locale":"es_ES","og_type":"article","og_title":"Request for Public Comment","og_description":"Beginning with the July 2023 meeting of the Board of Directors, BrightRidge will hold a public comment period during each meeting of the Board of","og_url":"https:\/\/www.brightridge.com\/es\/request-for-public-comment\/","og_site_name":"BrightRidge Electric","article_publisher":"https:\/\/www.facebook.com\/YourBrightRidge\/?ref=ts","article_modified_time":"2025-08-26T12:35:16+00:00","twitter_card":"summary_large_image","twitter_site":"@YourBrightRidge","twitter_misc":{"Tiempo de lectura":"1 minuto"},"schema":{"@context":"https:\/\/schema.org","@graph":[{"@type":"WebPage","@id":"https:\/\/www.brightridge.com\/request-for-public-comment\/","url":"https:\/\/www.brightridge.com\/request-for-public-comment\/","name":"Solicitud de comentario p\u00fablico","isPartOf":{"@id":"https:\/\/www.brightridge.com\/#website"},"datePublished":"2024-03-19T15:59:26+00:00","dateModified":"2025-08-26T12:35:16+00:00","description":"A partir de la reuni\u00f3n de la Junta Directiva de julio de 2023, BrightRidge llevar\u00e1 a cabo un per\u00edodo de comentarios p\u00fablicos durante cada reuni\u00f3n de la Junta Directiva.","breadcrumb":{"@id":"https:\/\/www.brightridge.com\/request-for-public-comment\/#breadcrumb"},"inLanguage":"es","potentialAction":[{"@type":"ReadAction","target":["https:\/\/www.brightridge.com\/request-for-public-comment\/"]}]},{"@type":"BreadcrumbList","@id":"https:\/\/www.brightridge.com\/request-for-public-comment\/#breadcrumb","itemListElement":[{"@type":"ListItem","position":1,"name":"Home","item":"https:\/\/www.brightridge.com\/"},{"@type":"ListItem","position":2,"name":"Request for Public Comment"}]},{"@type":"WebSite","@id":"https:\/\/www.brightridge.com\/#website","url":"https:\/\/www.brightridge.com\/","name":"BrightRidge El\u00e9ctrico","description":"","publisher":{"@id":"https:\/\/www.brightridge.com\/#organization"},"potentialAction":[{"@type":"SearchAction","target":{"@type":"EntryPoint","urlTemplate":"https:\/\/www.brightridge.com\/?s={search_term_string}"},"query-input":{"@type":"PropertyValueSpecification","valueRequired":true,"valueName":"search_term_string"}}],"inLanguage":"es"},{"@type":"Organization","@id":"https:\/\/www.brightridge.com\/#organization","name":"BrightRidge El\u00e9ctrico","url":"https:\/\/www.brightridge.com\/","logo":{"@type":"ImageObject","inLanguage":"es","@id":"https:\/\/www.brightridge.com\/#\/schema\/logo\/image\/","url":"https:\/\/www.brightridge.com\/wp-content\/uploads\/2024\/02\/brightridge-logo-white.svg","contentUrl":"https:\/\/www.brightridge.com\/wp-content\/uploads\/2024\/02\/brightridge-logo-white.svg","caption":"BrightRidge Electric"},"image":{"@id":"https:\/\/www.brightridge.com\/#\/schema\/logo\/image\/"},"sameAs":["https:\/\/www.facebook.com\/YourBrightRidge\/?ref=ts","https:\/\/x.com\/YourBrightRidge","https:\/\/www.linkedin.com\/company\/johnson-city-power-board\/","https:\/\/www.youtube.com\/c\/BrightRidge"]}]}},"_links":{"self":[{"href":"https:\/\/www.brightridge.com\/es\/wp-json\/wp\/v2\/pages\/571","targetHints":{"allow":["GET"]}}],"collection":[{"href":"https:\/\/www.brightridge.com\/es\/wp-json\/wp\/v2\/pages"}],"about":[{"href":"https:\/\/www.brightridge.com\/es\/wp-json\/wp\/v2\/types\/page"}],"author":[{"embeddable":true,"href":"https:\/\/www.brightridge.com\/es\/wp-json\/wp\/v2\/users\/1"}],"replies":[{"embeddable":true,"href":"https:\/\/www.brightridge.com\/es\/wp-json\/wp\/v2\/comments?post=571"}],"version-history":[{"count":0,"href":"https:\/\/www.brightridge.com\/es\/wp-json\/wp\/v2\/pages\/571\/revisions"}],"wp:attachment":[{"href":"https:\/\/www.brightridge.com\/es\/wp-json\/wp\/v2\/media?parent=571"}],"wp:term":[{"taxonomy":"wf_page_folders","embeddable":true,"href":"https:\/\/www.brightridge.com\/es\/wp-json\/wp\/v2\/wf_page_folders?post=571"}],"curies":[{"name":"wp","href":"https:\/\/api.w.org\/{rel}","templated":true}]}}