{"id":511,"date":"2024-03-15T13:23:21","date_gmt":"2024-03-15T17:23:21","guid":{"rendered":"https:\/\/www.brightridge.com\/?page_id=511"},"modified":"2024-06-11T13:03:25","modified_gmt":"2024-06-11T17:03:25","slug":"home-fees-deposits","status":"publish","type":"page","link":"https:\/\/www.brightridge.com\/es\/residential-services\/manage\/home-fees-deposits\/","title":{"rendered":"Tarifas y dep\u00f3sitos residenciales"},"content":{"rendered":"<!-- Hero Cached -->\n<style>\n.hero-contain{max-width: 1440px;margin-right:auto;margin-left:auto}\n#hero-section{\n  background-image: url(https:\/\/www.brightridge.com\/wp-content\/uploads\/2024\/06\/Bank-Draft-Form.png);\n  background-position: center center !important;\nbackground-position-y:29% !important\n}\n#hero-section > .mask{\n  background-color: #000000A1 !important;\n}\n<\/style>\n<div id=\"hero-section\" class=\"text-center bg-image fs-18\">\n    <div class=\"mask py-5 px-6\">\n        <div class=\"hero-contain d-flex justify-content-start align-items-end h-100\">\n            <div class=\"lh-sm text-white\">\n<div class=\"text-start breadcrumbs\">        <div class=\"breadcrumb-container theme1\">\r\n                    <ol>\r\n                    <\/ol>\r\n        <script type=\"application\/ld+json\">\r\n        {\r\n            \"@context\": \"http:\/\/schema.org\",\r\n            \"@type\": \"BreadcrumbList\",\r\n            \"itemListElement\": [\r\n                            ]\r\n        }\r\n    <\/script>\r\n    <style type=\"text\/css\">\r\n        .breadcrumb-container {\r\n            font-size: 13px;\r\n        }\r\n\r\n        .breadcrumb-container ul {\r\n            margin: 0;\r\n            padding: 0;\r\n        }\r\n\r\n        .breadcrumb-container li {\r\n            box-sizing: unset;\r\n            display: inline-block;\r\n            margin: 0;\r\n            padding: 0;\r\n        }\r\n\r\n        .breadcrumb-container li a {\r\n            box-sizing: unset;\r\n            padding: 0 10px;\r\n        }\r\n\r\n        .breadcrumb-container {\r\n            font-size: 16px !important;\r\n            padding: ;\r\n            margin: ;\r\n        }\r\n\r\n        .breadcrumb-container li a {\r\n            color: #389eff !important;\r\n            font-size: 16px !important;\r\n            line-height: 16px !important;\r\n        }\r\n\r\n        .breadcrumb-container li .separator {\r\n            color: #c5c5c5 !important;\r\n            font-size: 16px !important;\r\n        }\r\n\r\n        .breadcrumb-container li:last-child .separator {\r\n            display: none;\r\n        }\r\n\r\n            <\/style>\r\n    <style type=\"text\/css\">\r\n        .breadcrumb-container.theme1 li {\r\n            margin: 0;\r\n            padding: 0;\r\n        }\r\n        .breadcrumb-container.theme1 a {\r\n            background: #ffffff;\r\n            display: inline-block;\r\n            margin: 0 5px;\r\n            padding: 5px 10px;\r\n            text-decoration: none;\r\n        }\r\n    <\/style>\r\n        <style type=\"text\/css\">\r\n        .breadcrumb-container{}\r\n.breadcrumb-container ul{}\r\n.breadcrumb-container li{}\r\n.breadcrumb-container a{}\r\n.breadcrumb-container .separator{}\r\n    <\/style>\r\n    <script>\r\n            <\/script>\r\n        <\/div>\r\n        <\/div>\n                <h1 class=\"mb-3 lh-1 text-start fs-72 text-white fw-400\">Residential Fees &amp; Deposits<\/h1>\n                <div class=\"fw-normal text-start h5 mb-1\"><hr \/>\n<p>&nbsp;<\/p><\/div>\n            <\/div>\n        <\/div>\n    <\/div>\n<\/div>\n\n<div class=\"gb-container gb-container-caf95c4e\">\n<div class=\"gb-container gb-container-e91f2538\">\n<div class=\"gb-container gb-container-d247f744\">\n\n<h2 class=\"gb-headline gb-headline-4ba0ddb4 gb-headline-text\">Administrative Fees<\/h2>\n\n\n\n<figure class=\"wp-block-table is-style-stripes\"><table class=\"has-border-color has-primary-border-color\"><tbody><tr><td>New Service (Next Day)<\/td><td>$40.00<\/td><\/tr><tr><td>Private Light<\/td><td>$100.00<\/td><\/tr><tr><td>Same Day (until 9 pm)<\/td><td>$60.00<\/td><\/tr><tr><td>After 9 pm or Weekends<\/td><td>$130.00<\/td><\/tr><tr><td>By Service Crew<\/td><td>$150.00<\/td><\/tr><\/tbody><\/table><\/figure>\n\n\n\n<h3 class=\"gb-headline gb-headline-04404c3c gb-headline-text\">Security Deposits and Fees <\/h3>\n\n\n\n<p>Our staff is committed to providing current and accurate&nbsp;fee information. It is our goal to update this site as changes occur; however,&nbsp;rates and fees are subject to change without notice. Please verify&nbsp;pricing&nbsp;with a BrightRidge representative if you have any questions.<\/p>\n\n\n\n<p>Deposits must be paid before electric service may be connected. Deposits are refunded, including interest, when electric service is discontinued. Deposit amounts for residential accounts are $300.<\/p>\n\n\n\n<p>Customers may have the option of a credit check through Equifax, or pay the maximum designated deposit. Those customers with a satisfactory credit score will not be charged a deposit or may be charged the minimum deposit requirements.<\/p>\n\n\n\n<p>BrightRidge reserves the right to evaluate customers&#8217; payment histories to assess credit risks which may require additional deposits. BrightRidge may also require an additional deposit if an account is found to be at risk. All deposits will continue to accrue annual interest. Upon termination of service, any existing deposit and interest will be applied against any unpaid balance of the customer. If any balance remains, that amount will be refunded to the customer upon request.<\/p>\n\n\n\n<p>Deposit payment options: Check, cash, money order, Visa, MasterCard, Discover, or online credit check (pending approval).<\/p>\n\n\n\n<p>Customers are encouraged to verify pricing with a BrightRidge representative.<\/p>\n\n<\/div>\n<\/div>\n<\/div>","protected":false},"excerpt":{"rendered":"<p>Administrative Fees New Service (Next Day) $40.00 Private Light $100.00 Same Day (until 9 pm) $60.00 After 9 pm or Weekends $130.00 By Service Crew $150.00 Security Deposits and Fees Our staff is committed to providing current and accurate&nbsp;fee information. It is our goal to update this site as changes occur; however,&nbsp;rates and fees are [&hellip;]<\/p>\n","protected":false},"author":1,"featured_media":0,"parent":510,"menu_order":0,"comment_status":"closed","ping_status":"closed","template":"","meta":{"_searchwp_excluded":"","scheme-type":"","footnotes":""},"wf_page_folders":[26],"class_list":["post-511","page","type-page","status-publish","hentry"],"yoast_head":"<!-- This site is optimized with the Yoast SEO plugin v27.1.1 - https:\/\/yoast.com\/product\/yoast-seo-wordpress\/ -->\n<title>Residential Fees &amp; Deposits<\/title>\n<meta name=\"description\" content=\"Administrative Fees New Service (Next Day)$40.00Private Light$100.00Same Day (until 9 pm)$60.00After 9 pm or Weekends$130.00By Service Crew$150.00\" \/>\n<meta name=\"robots\" content=\"index, follow, max-snippet:-1, max-image-preview:large, max-video-preview:-1\" \/>\n<link rel=\"canonical\" href=\"https:\/\/www.brightridge.com\/es\/residential-services\/manage\/home-fees-deposits\/\" \/>\n<meta property=\"og:locale\" content=\"es_ES\" \/>\n<meta property=\"og:type\" content=\"article\" \/>\n<meta property=\"og:title\" content=\"Residential Fees &amp; Deposits\" \/>\n<meta property=\"og:description\" content=\"Administrative Fees New Service (Next Day)$40.00Private Light$100.00Same Day (until 9 pm)$60.00After 9 pm or Weekends$130.00By Service Crew$150.00\" \/>\n<meta property=\"og:url\" content=\"https:\/\/www.brightridge.com\/es\/residential-services\/manage\/home-fees-deposits\/\" \/>\n<meta property=\"og:site_name\" content=\"BrightRidge Electric\" \/>\n<meta property=\"article:publisher\" content=\"https:\/\/www.facebook.com\/YourBrightRidge\/?ref=ts\" \/>\n<meta property=\"article:modified_time\" content=\"2024-06-11T17:03:25+00:00\" \/>\n<meta name=\"twitter:card\" content=\"summary_large_image\" \/>\n<meta name=\"twitter:site\" content=\"@YourBrightRidge\" \/>\n<meta name=\"twitter:label1\" content=\"Tiempo de lectura\" \/>\n\t<meta name=\"twitter:data1\" content=\"2 minutos\" \/>\n<script type=\"application\/ld+json\" class=\"yoast-schema-graph\">{\"@context\":\"https:\/\/schema.org\",\"@graph\":[{\"@type\":\"WebPage\",\"@id\":\"https:\/\/www.brightridge.com\/residential-services\/manage\/home-fees-deposits\/\",\"url\":\"https:\/\/www.brightridge.com\/residential-services\/manage\/home-fees-deposits\/\",\"name\":\"Residential Fees &amp; Deposits\",\"isPartOf\":{\"@id\":\"https:\/\/www.brightridge.com\/#website\"},\"datePublished\":\"2024-03-15T17:23:21+00:00\",\"dateModified\":\"2024-06-11T17:03:25+00:00\",\"description\":\"Administrative Fees New Service (Next Day)$40.00Private Light$100.00Same Day (until 9 pm)$60.00After 9 pm or Weekends$130.00By Service Crew$150.00\",\"breadcrumb\":{\"@id\":\"https:\/\/www.brightridge.com\/residential-services\/manage\/home-fees-deposits\/#breadcrumb\"},\"inLanguage\":\"es\",\"potentialAction\":[{\"@type\":\"ReadAction\",\"target\":[\"https:\/\/www.brightridge.com\/residential-services\/manage\/home-fees-deposits\/\"]}]},{\"@type\":\"BreadcrumbList\",\"@id\":\"https:\/\/www.brightridge.com\/residential-services\/manage\/home-fees-deposits\/#breadcrumb\",\"itemListElement\":[{\"@type\":\"ListItem\",\"position\":1,\"name\":\"Home\",\"item\":\"https:\/\/www.brightridge.com\/\"},{\"@type\":\"ListItem\",\"position\":2,\"name\":\"Residential Services\",\"item\":\"https:\/\/www.brightridge.com\/residential-services\/\"},{\"@type\":\"ListItem\",\"position\":3,\"name\":\"Manage Residential Service\",\"item\":\"https:\/\/www.brightridge.com\/residential-services\/manage\/\"},{\"@type\":\"ListItem\",\"position\":4,\"name\":\"Residential Fees &amp; Deposits\"}]},{\"@type\":\"WebSite\",\"@id\":\"https:\/\/www.brightridge.com\/#website\",\"url\":\"https:\/\/www.brightridge.com\/\",\"name\":\"BrightRidge Electric\",\"description\":\"\",\"publisher\":{\"@id\":\"https:\/\/www.brightridge.com\/#organization\"},\"potentialAction\":[{\"@type\":\"SearchAction\",\"target\":{\"@type\":\"EntryPoint\",\"urlTemplate\":\"https:\/\/www.brightridge.com\/?s={search_term_string}\"},\"query-input\":{\"@type\":\"PropertyValueSpecification\",\"valueRequired\":true,\"valueName\":\"search_term_string\"}}],\"inLanguage\":\"es\"},{\"@type\":\"Organization\",\"@id\":\"https:\/\/www.brightridge.com\/#organization\",\"name\":\"BrightRidge Electric\",\"url\":\"https:\/\/www.brightridge.com\/\",\"logo\":{\"@type\":\"ImageObject\",\"inLanguage\":\"es\",\"@id\":\"https:\/\/www.brightridge.com\/#\/schema\/logo\/image\/\",\"url\":\"https:\/\/www.brightridge.com\/wp-content\/uploads\/2024\/02\/brightridge-logo-white.svg\",\"contentUrl\":\"https:\/\/www.brightridge.com\/wp-content\/uploads\/2024\/02\/brightridge-logo-white.svg\",\"caption\":\"BrightRidge Electric\"},\"image\":{\"@id\":\"https:\/\/www.brightridge.com\/#\/schema\/logo\/image\/\"},\"sameAs\":[\"https:\/\/www.facebook.com\/YourBrightRidge\/?ref=ts\",\"https:\/\/x.com\/YourBrightRidge\",\"https:\/\/www.linkedin.com\/company\/johnson-city-power-board\/\",\"https:\/\/www.youtube.com\/c\/BrightRidge\"]}]}<\/script>\n<!-- \/ Yoast SEO plugin. -->","yoast_head_json":{"title":"Tarifas y dep\u00f3sitos residenciales","description":"Tarifas Administrativas Nuevo Servicio (D\u00eda Siguiente)$40.00Luz Privada$100.00Mismo D\u00eda (hasta las 9 pm)$60.00Despu\u00e9s de las 9 pm o Fines de Semana$130.00Por Equipo de Servicio$150.00","robots":{"index":"index","follow":"follow","max-snippet":"max-snippet:-1","max-image-preview":"max-image-preview:large","max-video-preview":"max-video-preview:-1"},"canonical":"https:\/\/www.brightridge.com\/es\/residential-services\/manage\/home-fees-deposits\/","og_locale":"es_ES","og_type":"article","og_title":"Residential Fees &amp; Deposits","og_description":"Administrative Fees New Service (Next Day)$40.00Private Light$100.00Same Day (until 9 pm)$60.00After 9 pm or Weekends$130.00By Service Crew$150.00","og_url":"https:\/\/www.brightridge.com\/es\/residential-services\/manage\/home-fees-deposits\/","og_site_name":"BrightRidge Electric","article_publisher":"https:\/\/www.facebook.com\/YourBrightRidge\/?ref=ts","article_modified_time":"2024-06-11T17:03:25+00:00","twitter_card":"summary_large_image","twitter_site":"@YourBrightRidge","twitter_misc":{"Tiempo de lectura":"2 minutos"},"schema":{"@context":"https:\/\/schema.org","@graph":[{"@type":"WebPage","@id":"https:\/\/www.brightridge.com\/residential-services\/manage\/home-fees-deposits\/","url":"https:\/\/www.brightridge.com\/residential-services\/manage\/home-fees-deposits\/","name":"Tarifas y dep\u00f3sitos residenciales","isPartOf":{"@id":"https:\/\/www.brightridge.com\/#website"},"datePublished":"2024-03-15T17:23:21+00:00","dateModified":"2024-06-11T17:03:25+00:00","description":"Tarifas Administrativas Nuevo Servicio (D\u00eda Siguiente)$40.00Luz Privada$100.00Mismo D\u00eda (hasta las 9 pm)$60.00Despu\u00e9s de las 9 pm o Fines de Semana$130.00Por Equipo de Servicio$150.00","breadcrumb":{"@id":"https:\/\/www.brightridge.com\/residential-services\/manage\/home-fees-deposits\/#breadcrumb"},"inLanguage":"es","potentialAction":[{"@type":"ReadAction","target":["https:\/\/www.brightridge.com\/residential-services\/manage\/home-fees-deposits\/"]}]},{"@type":"BreadcrumbList","@id":"https:\/\/www.brightridge.com\/residential-services\/manage\/home-fees-deposits\/#breadcrumb","itemListElement":[{"@type":"ListItem","position":1,"name":"Home","item":"https:\/\/www.brightridge.com\/"},{"@type":"ListItem","position":2,"name":"Residential Services","item":"https:\/\/www.brightridge.com\/residential-services\/"},{"@type":"ListItem","position":3,"name":"Manage Residential Service","item":"https:\/\/www.brightridge.com\/residential-services\/manage\/"},{"@type":"ListItem","position":4,"name":"Residential Fees &amp; Deposits"}]},{"@type":"WebSite","@id":"https:\/\/www.brightridge.com\/#website","url":"https:\/\/www.brightridge.com\/","name":"BrightRidge El\u00e9ctrico","description":"","publisher":{"@id":"https:\/\/www.brightridge.com\/#organization"},"potentialAction":[{"@type":"SearchAction","target":{"@type":"EntryPoint","urlTemplate":"https:\/\/www.brightridge.com\/?s={search_term_string}"},"query-input":{"@type":"PropertyValueSpecification","valueRequired":true,"valueName":"search_term_string"}}],"inLanguage":"es"},{"@type":"Organization","@id":"https:\/\/www.brightridge.com\/#organization","name":"BrightRidge El\u00e9ctrico","url":"https:\/\/www.brightridge.com\/","logo":{"@type":"ImageObject","inLanguage":"es","@id":"https:\/\/www.brightridge.com\/#\/schema\/logo\/image\/","url":"https:\/\/www.brightridge.com\/wp-content\/uploads\/2024\/02\/brightridge-logo-white.svg","contentUrl":"https:\/\/www.brightridge.com\/wp-content\/uploads\/2024\/02\/brightridge-logo-white.svg","caption":"BrightRidge Electric"},"image":{"@id":"https:\/\/www.brightridge.com\/#\/schema\/logo\/image\/"},"sameAs":["https:\/\/www.facebook.com\/YourBrightRidge\/?ref=ts","https:\/\/x.com\/YourBrightRidge","https:\/\/www.linkedin.com\/company\/johnson-city-power-board\/","https:\/\/www.youtube.com\/c\/BrightRidge"]}]}},"_links":{"self":[{"href":"https:\/\/www.brightridge.com\/es\/wp-json\/wp\/v2\/pages\/511","targetHints":{"allow":["GET"]}}],"collection":[{"href":"https:\/\/www.brightridge.com\/es\/wp-json\/wp\/v2\/pages"}],"about":[{"href":"https:\/\/www.brightridge.com\/es\/wp-json\/wp\/v2\/types\/page"}],"author":[{"embeddable":true,"href":"https:\/\/www.brightridge.com\/es\/wp-json\/wp\/v2\/users\/1"}],"replies":[{"embeddable":true,"href":"https:\/\/www.brightridge.com\/es\/wp-json\/wp\/v2\/comments?post=511"}],"version-history":[{"count":0,"href":"https:\/\/www.brightridge.com\/es\/wp-json\/wp\/v2\/pages\/511\/revisions"}],"up":[{"embeddable":true,"href":"https:\/\/www.brightridge.com\/es\/wp-json\/wp\/v2\/pages\/510"}],"wp:attachment":[{"href":"https:\/\/www.brightridge.com\/es\/wp-json\/wp\/v2\/media?parent=511"}],"wp:term":[{"taxonomy":"wf_page_folders","embeddable":true,"href":"https:\/\/www.brightridge.com\/es\/wp-json\/wp\/v2\/wf_page_folders?post=511"}],"curies":[{"name":"wp","href":"https:\/\/api.w.org\/{rel}","templated":true}]}}