{"id":1923,"date":"2024-05-08T15:41:17","date_gmt":"2024-05-08T19:41:17","guid":{"rendered":"https:\/\/www.brightridge.com\/?page_id=1923"},"modified":"2024-06-11T10:48:21","modified_gmt":"2024-06-11T14:48:21","slug":"renewables","status":"publish","type":"page","link":"https:\/\/www.brightridge.com\/es\/business-services\/renewables\/","title":{"rendered":"Negocio de Renovables"},"content":{"rendered":"<!-- Hero Cached -->\n<style>\n.hero-contain{max-width: 1440px;margin-right:auto;margin-left:auto}\n#hero-section{\n  background-image: url(https:\/\/www.brightridge.com\/wp-content\/uploads\/2024\/06\/Renewables-Residential-Business-1.png);\n  background-position: center center !important;\nbackground-position-y:12% !important\n}\n#hero-section > .mask{\n  background-color: #000000A1 !important;\n}\n<\/style>\n<div id=\"hero-section\" class=\"text-center bg-image fs-18\">\n    <div class=\"mask py-5 px-6\">\n        <div class=\"hero-contain d-flex justify-content-start align-items-start h-100\">\n            <div class=\"lh-sm text-white\">\n<div class=\"text-start breadcrumbs\">        <div class=\"breadcrumb-container theme1\">\r\n                    <ol>\r\n                    <\/ol>\r\n        <script type=\"application\/ld+json\">\r\n        {\r\n            \"@context\": \"http:\/\/schema.org\",\r\n            \"@type\": \"BreadcrumbList\",\r\n            \"itemListElement\": [\r\n                            ]\r\n        }\r\n    <\/script>\r\n    <style type=\"text\/css\">\r\n        .breadcrumb-container {\r\n            font-size: 13px;\r\n        }\r\n\r\n        .breadcrumb-container ul {\r\n            margin: 0;\r\n            padding: 0;\r\n        }\r\n\r\n        .breadcrumb-container li {\r\n            box-sizing: unset;\r\n            display: inline-block;\r\n            margin: 0;\r\n            padding: 0;\r\n        }\r\n\r\n        .breadcrumb-container li a {\r\n            box-sizing: unset;\r\n            padding: 0 10px;\r\n        }\r\n\r\n        .breadcrumb-container {\r\n            font-size: 16px !important;\r\n            padding: ;\r\n            margin: ;\r\n        }\r\n\r\n        .breadcrumb-container li a {\r\n            color: #389eff !important;\r\n            font-size: 16px !important;\r\n            line-height: 16px !important;\r\n        }\r\n\r\n        .breadcrumb-container li .separator {\r\n            color: #c5c5c5 !important;\r\n            font-size: 16px !important;\r\n        }\r\n\r\n        .breadcrumb-container li:last-child .separator {\r\n            display: none;\r\n        }\r\n\r\n            <\/style>\r\n    <style type=\"text\/css\">\r\n        .breadcrumb-container.theme1 li {\r\n            margin: 0;\r\n            padding: 0;\r\n        }\r\n        .breadcrumb-container.theme1 a {\r\n            background: #ffffff;\r\n            display: inline-block;\r\n            margin: 0 5px;\r\n            padding: 5px 10px;\r\n            text-decoration: none;\r\n        }\r\n    <\/style>\r\n        <style type=\"text\/css\">\r\n        .breadcrumb-container{}\r\n.breadcrumb-container ul{}\r\n.breadcrumb-container li{}\r\n.breadcrumb-container a{}\r\n.breadcrumb-container .separator{}\r\n    <\/style>\r\n    <script>\r\n            <\/script>\r\n        <\/div>\r\n        <\/div>\n                <h1 class=\"mb-3 lh-1 text-start fs-72 text-white fw-400\">Renewables for Business<\/h1>\n                <div class=\"fw-normal text-start h5 mb-1\"><hr \/>\n<p>&nbsp;<\/p><\/div>\n            <\/div>\n        <\/div>\n    <\/div>\n<\/div>\n\n<div class=\"gb-container gb-container-6961d219\">\n<div class=\"gb-container gb-container-e1f01e9c\">\n<div class=\"gb-grid-wrapper gb-grid-wrapper-a735b75c\">\n<div class=\"gb-grid-column gb-grid-column-60108bd0\"><div class=\"gb-container gb-container-60108bd0\">\n\n<h2 class=\"gb-headline gb-headline-63b6e87a gb-headline-text\">Electric Vehicles<\/h2>\n\n\n\n<p class=\"gb-headline gb-headline-d342bef7 gb-headline-text\">As EVs become more prominent, the electric and auto industries continue to connect and collaborate to grow this new technology. BrightRidge seeks to be at the forefront of this growth by supporting the building of EV charging stations in our community.&nbsp;<\/p>\n\n\n<div class=\"gb-container gb-container-0ba43bbb\">\n\n<a class=\"gb-button gb-button-6a6cbbd2 gb-button-text btn bg-white\" href=\"\/residential-services\/renewables\/electric-vehicle-charging\/\">Electric Vehicles<\/a>\n\n<\/div>\n<\/div><\/div>\n\n<div class=\"gb-grid-column gb-grid-column-070ff754\"><div class=\"gb-container gb-container-070ff754\">\n\n<figure class=\"gb-block-image gb-block-image-2955ebca\"><img loading=\"lazy\" decoding=\"async\" width=\"767\" height=\"500\" class=\"gb-image gb-image-2955ebca\" src=\"https:\/\/www.brightridge.com\/wp-content\/uploads\/2024\/04\/brightridge-electric-vehicle.jpg\" alt=\"Brightridge electric vehicle\" title=\"brightridge-electric-vehicle\" srcset=\"https:\/\/www.brightridge.com\/wp-content\/uploads\/2024\/04\/brightridge-electric-vehicle.jpg 767w, https:\/\/www.brightridge.com\/wp-content\/uploads\/2024\/04\/brightridge-electric-vehicle-300x196.jpg 300w, https:\/\/www.brightridge.com\/wp-content\/uploads\/2024\/04\/brightridge-electric-vehicle-18x12.jpg 18w\" sizes=\"auto, (max-width: 767px) 100vw, 767px\" \/><\/figure>\n\n<\/div><\/div>\n<\/div>\n<\/div>\n<\/div>\n\n<div class=\"gb-container gb-container-076998b0\">\n<div class=\"gb-container gb-container-744f6f6a\">\n<div class=\"gb-grid-wrapper gb-grid-wrapper-5abd4e0e\">\n<div class=\"gb-grid-column gb-grid-column-27eccdfa\"><div class=\"gb-container gb-container-27eccdfa\">\n\n<figure class=\"gb-block-image gb-block-image-a742d570\"><img loading=\"lazy\" decoding=\"async\" width=\"690\" height=\"388\" class=\"gb-image gb-image-a742d570\" src=\"https:\/\/www.brightridge.com\/wp-content\/uploads\/2024\/04\/telford-solar.png\" alt=\"Brightridge telford solar farm\" title=\"telford-solar\" srcset=\"https:\/\/www.brightridge.com\/wp-content\/uploads\/2024\/04\/telford-solar.png 690w, https:\/\/www.brightridge.com\/wp-content\/uploads\/2024\/04\/telford-solar-300x169.png 300w, https:\/\/www.brightridge.com\/wp-content\/uploads\/2024\/04\/telford-solar-18x10.png 18w\" sizes=\"auto, (max-width: 690px) 100vw, 690px\" \/><\/figure>\n\n<\/div><\/div>\n\n<div class=\"gb-grid-column gb-grid-column-85d1b675\"><div class=\"gb-container gb-container-85d1b675\">\n\n<h2 class=\"gb-headline gb-headline-8762a31d gb-headline-text\">BrightRidge Solar<\/h2>\n\n\n\n<p>BrightRidge values renewable energy, and we understand our customers do as well.&nbsp; That&#8217;s why we have partnered with Tennessee Valley Authority (TVA) and Silicon Ranch to offer BrightRidge Solar.&nbsp; Learn how you can be part of the new solar community.&nbsp;<\/p>\n\n\n\n<a class=\"gb-button gb-button-037c8159 gb-button-text btn bg-white\" href=\"\/brightridge-solar\/\">BrightRidge Solar<\/a>\n\n<\/div><\/div>\n<\/div>\n<\/div>\n<\/div>\n\n<div class=\"gb-container gb-container-3f6dbd0d\">\n<div class=\"gb-container gb-container-d7c5a20c\">\n<div class=\"gb-grid-wrapper gb-grid-wrapper-c97f913e\">\n<div class=\"gb-grid-column gb-grid-column-23e803fc\"><div class=\"gb-container gb-container-23e803fc\">\n\n<h2 class=\"gb-headline gb-headline-a9c904a4 gb-headline-text h2\">Contact Us<\/h2>\n\n\n<div class=\"gb-container gb-container-fdb3b38e\">\n\n<div class=\"gb-headline gb-headline-70789f48\"><span class=\"gb-icon\"><svg fill=\"none\" viewBox=\"0 0 30 50\" height=\"50\" width=\"30\" xmlns=\"http:\/\/www.w3.org\/2000\/svg\"> <path stroke-linejoin=\"round\" stroke-linecap=\"round\" stroke-width=\"2\" stroke=\"#7ABB4E\" d=\"M28.1304 40.6521H1\"><\/path> <path stroke-linejoin=\"round\" stroke-linecap=\"round\" stroke-width=\"2\" stroke=\"#7ABB4E\" d=\"M23.9565 1H5.17391C4.06692 1 3.00527 1.43975 2.22251 2.22251C1.43975 3.00527 1 4.06692 1 5.17391V44.8261C1 45.9331 1.43975 46.9947 2.22251 47.7775C3.00527 48.5603 4.06692 49 5.17391 49H23.9565C25.0635 49 26.1252 48.5603 26.9079 47.7775C27.6907 46.9947 28.1304 45.9331 28.1304 44.8261V5.17391C28.1304 4.06692 27.6907 3.00527 26.9079 2.22251C26.1252 1.43975 25.0635 1 23.9565 1Z\"><\/path> <path stroke-width=\"2\" stroke=\"#7ABB4E\" d=\"M14.565 45.3476C14.4266 45.3476 14.2939 45.2926 14.1961 45.1947C14.0982 45.0969 14.0433 44.9642 14.0433 44.8258C14.0433 44.6874 14.0982 44.5547 14.1961 44.4569C14.2939 44.359 14.4266 44.3041 14.565 44.3041\"><\/path> <path stroke-width=\"2\" stroke=\"#7ABB4E\" d=\"M14.5649 45.3476C14.7033 45.3476 14.836 45.2926 14.9339 45.1947C15.0317 45.0969 15.0867 44.9642 15.0867 44.8258C15.0867 44.6874 15.0317 44.5547 14.9339 44.4569C14.836 44.359 14.7033 44.3041 14.5649 44.3041\"><\/path> <\/svg><\/span><span class=\"gb-headline-text\"><a href=\"tel:423-952-5000\"><strong>(423) 952-5000<\/strong><\/a><br>PHONE<\/span><\/div>\n\n<\/div>\n\n<div class=\"gb-container gb-container-64899fa5\">\n\n<div class=\"gb-headline gb-headline-b92aa05c\"><span class=\"gb-icon\"><svg fill=\"none\" viewBox=\"0 0 43 31\" height=\"31\" width=\"43\" xmlns=\"http:\/\/www.w3.org\/2000\/svg\"> <path stroke-linejoin=\"round\" stroke-linecap=\"round\" stroke-width=\"2\" stroke=\"#7ABB4E\" d=\"M4.56522 1H38.4348C38.4348 1 42 1 42 4.56522V25.9565C42 25.9565 42 29.5217 38.4348 29.5217H4.56522C4.56522 29.5217 1 29.5217 1 25.9565V4.56522C1 4.56522 1 1 4.56522 1Z\"><\/path> <path stroke-linejoin=\"round\" stroke-linecap=\"round\" stroke-width=\"2\" stroke=\"#7ABB4E\" d=\"M40.9501 2.0376L21.5001 17.9349L2.05005 2.0376\"><\/path> <\/svg><\/span><span class=\"gb-headline-text\"><a href=\"mailto:ITsupport@BrightRidge.com\"><\/a><strong><a href=\"mailto:contactus@brightridge.com\">contactus@brightridge.com<br><\/a><\/strong>EMAIL<\/span><\/div>\n\n<\/div>\n<\/div><\/div>\n<\/div>\n<\/div>\n<\/div>","protected":false},"excerpt":{"rendered":"","protected":false},"author":1,"featured_media":0,"parent":556,"menu_order":0,"comment_status":"closed","ping_status":"closed","template":"","meta":{"_searchwp_excluded":"","scheme-type":"","footnotes":""},"wf_page_folders":[27],"class_list":["post-1923","page","type-page","status-publish","hentry"],"yoast_head":"<!-- This site is optimized with the Yoast SEO plugin v27.1.1 - https:\/\/yoast.com\/product\/yoast-seo-wordpress\/ -->\n<title>Renewables Business<\/title>\n<meta name=\"description\" content=\"Electric Vehicles As EVs become more prominent, the electric and auto industries continue to connect and collaborate to grow this new technology.\" \/>\n<meta name=\"robots\" content=\"index, follow, max-snippet:-1, max-image-preview:large, max-video-preview:-1\" \/>\n<link rel=\"canonical\" href=\"https:\/\/www.brightridge.com\/es\/business-services\/renewables\/\" \/>\n<meta property=\"og:locale\" content=\"es_ES\" \/>\n<meta property=\"og:type\" content=\"article\" \/>\n<meta property=\"og:title\" content=\"Renewables Business\" \/>\n<meta property=\"og:description\" content=\"Electric Vehicles As EVs become more prominent, the electric and auto industries continue to connect and collaborate to grow this new technology.\" \/>\n<meta property=\"og:url\" content=\"https:\/\/www.brightridge.com\/es\/business-services\/renewables\/\" \/>\n<meta property=\"og:site_name\" content=\"BrightRidge Electric\" \/>\n<meta property=\"article:publisher\" content=\"https:\/\/www.facebook.com\/YourBrightRidge\/?ref=ts\" \/>\n<meta property=\"article:modified_time\" content=\"2024-06-11T14:48:21+00:00\" \/>\n<meta property=\"og:image\" content=\"https:\/\/www.brightridge.com\/wp-content\/uploads\/2024\/04\/brightridge-electric-vehicle.jpg\" \/>\n<meta name=\"twitter:card\" content=\"summary_large_image\" \/>\n<meta name=\"twitter:site\" content=\"@YourBrightRidge\" \/>\n<meta name=\"twitter:label1\" content=\"Tiempo de lectura\" \/>\n\t<meta name=\"twitter:data1\" content=\"2 minutos\" \/>\n<script type=\"application\/ld+json\" class=\"yoast-schema-graph\">{\"@context\":\"https:\/\/schema.org\",\"@graph\":[{\"@type\":\"WebPage\",\"@id\":\"https:\/\/www.brightridge.com\/business-services\/renewables\/\",\"url\":\"https:\/\/www.brightridge.com\/business-services\/renewables\/\",\"name\":\"Renewables Business\",\"isPartOf\":{\"@id\":\"https:\/\/www.brightridge.com\/#website\"},\"primaryImageOfPage\":{\"@id\":\"https:\/\/www.brightridge.com\/business-services\/renewables\/#primaryimage\"},\"image\":{\"@id\":\"https:\/\/www.brightridge.com\/business-services\/renewables\/#primaryimage\"},\"thumbnailUrl\":\"https:\/\/www.brightridge.com\/wp-content\/uploads\/2024\/04\/brightridge-electric-vehicle.jpg\",\"datePublished\":\"2024-05-08T19:41:17+00:00\",\"dateModified\":\"2024-06-11T14:48:21+00:00\",\"description\":\"Electric Vehicles As EVs become more prominent, the electric and auto industries continue to connect and collaborate to grow this new technology.\",\"breadcrumb\":{\"@id\":\"https:\/\/www.brightridge.com\/business-services\/renewables\/#breadcrumb\"},\"inLanguage\":\"es\",\"potentialAction\":[{\"@type\":\"ReadAction\",\"target\":[\"https:\/\/www.brightridge.com\/business-services\/renewables\/\"]}]},{\"@type\":\"ImageObject\",\"inLanguage\":\"es\",\"@id\":\"https:\/\/www.brightridge.com\/business-services\/renewables\/#primaryimage\",\"url\":\"https:\/\/www.brightridge.com\/wp-content\/uploads\/2024\/04\/brightridge-electric-vehicle.jpg\",\"contentUrl\":\"https:\/\/www.brightridge.com\/wp-content\/uploads\/2024\/04\/brightridge-electric-vehicle.jpg\"},{\"@type\":\"BreadcrumbList\",\"@id\":\"https:\/\/www.brightridge.com\/business-services\/renewables\/#breadcrumb\",\"itemListElement\":[{\"@type\":\"ListItem\",\"position\":1,\"name\":\"Home\",\"item\":\"https:\/\/www.brightridge.com\/\"},{\"@type\":\"ListItem\",\"position\":2,\"name\":\"Business Services\",\"item\":\"https:\/\/www.brightridge.com\/business-services\/\"},{\"@type\":\"ListItem\",\"position\":3,\"name\":\"Renewables Business\"}]},{\"@type\":\"WebSite\",\"@id\":\"https:\/\/www.brightridge.com\/#website\",\"url\":\"https:\/\/www.brightridge.com\/\",\"name\":\"BrightRidge Electric\",\"description\":\"\",\"publisher\":{\"@id\":\"https:\/\/www.brightridge.com\/#organization\"},\"potentialAction\":[{\"@type\":\"SearchAction\",\"target\":{\"@type\":\"EntryPoint\",\"urlTemplate\":\"https:\/\/www.brightridge.com\/?s={search_term_string}\"},\"query-input\":{\"@type\":\"PropertyValueSpecification\",\"valueRequired\":true,\"valueName\":\"search_term_string\"}}],\"inLanguage\":\"es\"},{\"@type\":\"Organization\",\"@id\":\"https:\/\/www.brightridge.com\/#organization\",\"name\":\"BrightRidge Electric\",\"url\":\"https:\/\/www.brightridge.com\/\",\"logo\":{\"@type\":\"ImageObject\",\"inLanguage\":\"es\",\"@id\":\"https:\/\/www.brightridge.com\/#\/schema\/logo\/image\/\",\"url\":\"https:\/\/www.brightridge.com\/wp-content\/uploads\/2024\/02\/brightridge-logo-white.svg\",\"contentUrl\":\"https:\/\/www.brightridge.com\/wp-content\/uploads\/2024\/02\/brightridge-logo-white.svg\",\"caption\":\"BrightRidge Electric\"},\"image\":{\"@id\":\"https:\/\/www.brightridge.com\/#\/schema\/logo\/image\/\"},\"sameAs\":[\"https:\/\/www.facebook.com\/YourBrightRidge\/?ref=ts\",\"https:\/\/x.com\/YourBrightRidge\",\"https:\/\/www.linkedin.com\/company\/johnson-city-power-board\/\",\"https:\/\/www.youtube.com\/c\/BrightRidge\"]}]}<\/script>\n<!-- \/ Yoast SEO plugin. -->","yoast_head_json":{"title":"Negocio de Renovables","description":"Veh\u00edculos el\u00e9ctricos A medida que los veh\u00edculos el\u00e9ctricos se vuelven m\u00e1s prominentes, las industrias el\u00e9ctrica y automotriz contin\u00faan conect\u00e1ndose y colaborando para hacer crecer esta nueva tecnolog\u00eda.","robots":{"index":"index","follow":"follow","max-snippet":"max-snippet:-1","max-image-preview":"max-image-preview:large","max-video-preview":"max-video-preview:-1"},"canonical":"https:\/\/www.brightridge.com\/es\/business-services\/renewables\/","og_locale":"es_ES","og_type":"article","og_title":"Renewables Business","og_description":"Electric Vehicles As EVs become more prominent, the electric and auto industries continue to connect and collaborate to grow this new technology.","og_url":"https:\/\/www.brightridge.com\/es\/business-services\/renewables\/","og_site_name":"BrightRidge Electric","article_publisher":"https:\/\/www.facebook.com\/YourBrightRidge\/?ref=ts","article_modified_time":"2024-06-11T14:48:21+00:00","og_image":[{"url":"https:\/\/www.brightridge.com\/wp-content\/uploads\/2024\/04\/brightridge-electric-vehicle.jpg","type":"","width":"","height":""}],"twitter_card":"summary_large_image","twitter_site":"@YourBrightRidge","twitter_misc":{"Tiempo de lectura":"2 minutos"},"schema":{"@context":"https:\/\/schema.org","@graph":[{"@type":"WebPage","@id":"https:\/\/www.brightridge.com\/business-services\/renewables\/","url":"https:\/\/www.brightridge.com\/business-services\/renewables\/","name":"Negocio de Renovables","isPartOf":{"@id":"https:\/\/www.brightridge.com\/#website"},"primaryImageOfPage":{"@id":"https:\/\/www.brightridge.com\/business-services\/renewables\/#primaryimage"},"image":{"@id":"https:\/\/www.brightridge.com\/business-services\/renewables\/#primaryimage"},"thumbnailUrl":"https:\/\/www.brightridge.com\/wp-content\/uploads\/2024\/04\/brightridge-electric-vehicle.jpg","datePublished":"2024-05-08T19:41:17+00:00","dateModified":"2024-06-11T14:48:21+00:00","description":"Veh\u00edculos el\u00e9ctricos A medida que los veh\u00edculos el\u00e9ctricos se vuelven m\u00e1s prominentes, las industrias el\u00e9ctrica y automotriz contin\u00faan conect\u00e1ndose y colaborando para hacer crecer esta nueva tecnolog\u00eda.","breadcrumb":{"@id":"https:\/\/www.brightridge.com\/business-services\/renewables\/#breadcrumb"},"inLanguage":"es","potentialAction":[{"@type":"ReadAction","target":["https:\/\/www.brightridge.com\/business-services\/renewables\/"]}]},{"@type":"ImageObject","inLanguage":"es","@id":"https:\/\/www.brightridge.com\/business-services\/renewables\/#primaryimage","url":"https:\/\/www.brightridge.com\/wp-content\/uploads\/2024\/04\/brightridge-electric-vehicle.jpg","contentUrl":"https:\/\/www.brightridge.com\/wp-content\/uploads\/2024\/04\/brightridge-electric-vehicle.jpg"},{"@type":"BreadcrumbList","@id":"https:\/\/www.brightridge.com\/business-services\/renewables\/#breadcrumb","itemListElement":[{"@type":"ListItem","position":1,"name":"Home","item":"https:\/\/www.brightridge.com\/"},{"@type":"ListItem","position":2,"name":"Business Services","item":"https:\/\/www.brightridge.com\/business-services\/"},{"@type":"ListItem","position":3,"name":"Renewables Business"}]},{"@type":"WebSite","@id":"https:\/\/www.brightridge.com\/#website","url":"https:\/\/www.brightridge.com\/","name":"BrightRidge El\u00e9ctrico","description":"","publisher":{"@id":"https:\/\/www.brightridge.com\/#organization"},"potentialAction":[{"@type":"SearchAction","target":{"@type":"EntryPoint","urlTemplate":"https:\/\/www.brightridge.com\/?s={search_term_string}"},"query-input":{"@type":"PropertyValueSpecification","valueRequired":true,"valueName":"search_term_string"}}],"inLanguage":"es"},{"@type":"Organization","@id":"https:\/\/www.brightridge.com\/#organization","name":"BrightRidge El\u00e9ctrico","url":"https:\/\/www.brightridge.com\/","logo":{"@type":"ImageObject","inLanguage":"es","@id":"https:\/\/www.brightridge.com\/#\/schema\/logo\/image\/","url":"https:\/\/www.brightridge.com\/wp-content\/uploads\/2024\/02\/brightridge-logo-white.svg","contentUrl":"https:\/\/www.brightridge.com\/wp-content\/uploads\/2024\/02\/brightridge-logo-white.svg","caption":"BrightRidge Electric"},"image":{"@id":"https:\/\/www.brightridge.com\/#\/schema\/logo\/image\/"},"sameAs":["https:\/\/www.facebook.com\/YourBrightRidge\/?ref=ts","https:\/\/x.com\/YourBrightRidge","https:\/\/www.linkedin.com\/company\/johnson-city-power-board\/","https:\/\/www.youtube.com\/c\/BrightRidge"]}]}},"_links":{"self":[{"href":"https:\/\/www.brightridge.com\/es\/wp-json\/wp\/v2\/pages\/1923","targetHints":{"allow":["GET"]}}],"collection":[{"href":"https:\/\/www.brightridge.com\/es\/wp-json\/wp\/v2\/pages"}],"about":[{"href":"https:\/\/www.brightridge.com\/es\/wp-json\/wp\/v2\/types\/page"}],"author":[{"embeddable":true,"href":"https:\/\/www.brightridge.com\/es\/wp-json\/wp\/v2\/users\/1"}],"replies":[{"embeddable":true,"href":"https:\/\/www.brightridge.com\/es\/wp-json\/wp\/v2\/comments?post=1923"}],"version-history":[{"count":0,"href":"https:\/\/www.brightridge.com\/es\/wp-json\/wp\/v2\/pages\/1923\/revisions"}],"up":[{"embeddable":true,"href":"https:\/\/www.brightridge.com\/es\/wp-json\/wp\/v2\/pages\/556"}],"wp:attachment":[{"href":"https:\/\/www.brightridge.com\/es\/wp-json\/wp\/v2\/media?parent=1923"}],"wp:term":[{"taxonomy":"wf_page_folders","embeddable":true,"href":"https:\/\/www.brightridge.com\/es\/wp-json\/wp\/v2\/wf_page_folders?post=1923"}],"curies":[{"name":"wp","href":"https:\/\/api.w.org\/{rel}","templated":true}]}}