{"id":1574,"date":"2024-04-17T16:17:34","date_gmt":"2024-04-17T20:17:34","guid":{"rendered":"https:\/\/www.brightridge.com\/?page_id=1574"},"modified":"2024-07-03T17:33:37","modified_gmt":"2024-07-03T21:33:37","slug":"stop-service","status":"publish","type":"page","link":"https:\/\/www.brightridge.com\/es\/business-services\/manage\/stop-service\/","title":{"rendered":"Detener servicio comercial"},"content":{"rendered":"<!-- Hero Cached -->\n<style>\n.hero-contain{max-width: 1440px;margin-right:auto;margin-left:auto}\n#hero-section{\n  background-image: url(https:\/\/www.brightridge.com\/wp-content\/uploads\/2024\/06\/Business-Start-Stop-Transfer.png);\n  background-position: center center !important;\nbackground-position-y:% !important\n}\n#hero-section > .mask{\n  background-color: #000000A1 !important;\n}\n<\/style>\n<div id=\"hero-section\" class=\"text-center bg-image fs-18\">\n    <div class=\"mask py-5 px-6\">\n        <div class=\"hero-contain d-flex justify-content-start align-items-end h-100\">\n            <div class=\"lh-sm text-white\">\n<div class=\"text-start breadcrumbs\">        <div class=\"breadcrumb-container theme1\">\r\n                    <ol>\r\n                    <\/ol>\r\n        <script type=\"application\/ld+json\">\r\n        {\r\n            \"@context\": \"http:\/\/schema.org\",\r\n            \"@type\": \"BreadcrumbList\",\r\n            \"itemListElement\": [\r\n                            ]\r\n        }\r\n    <\/script>\r\n    <style type=\"text\/css\">\r\n        .breadcrumb-container {\r\n            font-size: 13px;\r\n        }\r\n\r\n        .breadcrumb-container ul {\r\n            margin: 0;\r\n            padding: 0;\r\n        }\r\n\r\n        .breadcrumb-container li {\r\n            box-sizing: unset;\r\n            display: inline-block;\r\n            margin: 0;\r\n            padding: 0;\r\n        }\r\n\r\n        .breadcrumb-container li a {\r\n            box-sizing: unset;\r\n            padding: 0 10px;\r\n        }\r\n\r\n        .breadcrumb-container {\r\n            font-size: 16px !important;\r\n            padding: ;\r\n            margin: ;\r\n        }\r\n\r\n        .breadcrumb-container li a {\r\n            color: #389eff !important;\r\n            font-size: 16px !important;\r\n            line-height: 16px !important;\r\n        }\r\n\r\n        .breadcrumb-container li .separator {\r\n            color: #c5c5c5 !important;\r\n            font-size: 16px !important;\r\n        }\r\n\r\n        .breadcrumb-container li:last-child .separator {\r\n            display: none;\r\n        }\r\n\r\n            <\/style>\r\n    <style type=\"text\/css\">\r\n        .breadcrumb-container.theme1 li {\r\n            margin: 0;\r\n            padding: 0;\r\n        }\r\n        .breadcrumb-container.theme1 a {\r\n            background: #ffffff;\r\n            display: inline-block;\r\n            margin: 0 5px;\r\n            padding: 5px 10px;\r\n            text-decoration: none;\r\n        }\r\n    <\/style>\r\n        <style type=\"text\/css\">\r\n        .breadcrumb-container{}\r\n.breadcrumb-container ul{}\r\n.breadcrumb-container li{}\r\n.breadcrumb-container a{}\r\n.breadcrumb-container .separator{}\r\n    <\/style>\r\n    <script>\r\n            <\/script>\r\n        <\/div>\r\n        <\/div>\n                <h1 class=\"mb-3 lh-1 text-start fs-72 text-white fw-400\">Stop Commercial Service<\/h1>\n                <div class=\"fw-normal text-start h5 mb-1\"><hr \/>\n<p>&nbsp;<\/p><\/div>\n            <\/div>\n        <\/div>\n    <\/div>\n<\/div>\n\n<div class=\"gb-container gb-container-311a9734\">\n<div class=\"gb-container gb-container-58f7ce2d\">\n<div class=\"gb-container gb-container-56edb767\">\n<div class=\"gb-container gb-container-e36400ef\">\n\n<p>To&nbsp;stop your electric service, please follow the steps listed below. Service requests received after 3pm will be processed the next business day. If you have any questions, please contact a Customer Service Representative at <a href=\"tel:423-952-5000\">(423) 952-500<\/a>0 or by emailing&nbsp;<a href=\"mailto:smarthub@brightridge.com\" target=\"_blank\" rel=\"noreferrer noopener\">smarthub@brightridge.com<\/a>.<\/p>\n\n\n\n<ol class=\"wp-block-list\">\n<li>Complete this form to&nbsp;stop electric service to an existing meter.<\/li>\n\n\n\n<li>Attach an image of valid driver&#8217;s license or state issued ID.&nbsp;<\/li>\n\n\n\n<li>Submit&nbsp;the&nbsp;form&nbsp;by signing electronically and selecting the submit button.<\/li>\n\n\n\n<li>Once you complete&nbsp;the form, a copy will be emailed to you for your records.<\/li>\n<\/ol>\n\n\n\n<p><em>* Required Field<\/em><\/p>\n\n<\/div>\n\n\n<iframe title=\"Stop Commercial Service\" src=\"https:\/\/form.jotform.com\/230305629474153?parentURL=https%3A%2F%2Fwww.brightridge.com%2Fbusiness-service%2Fmanage-business-service%2Fbusiness-stop-service-form%2F&amp;jsForm=true\" allow=\"geolocation; microphone; camera; fullscreen\" name=\"230305629474153\" id=\"230305629474153\" scrolling=\"yes\" style=\"width: 10px; min-width: 100%; display: block; overflow: hidden; height: 1383px; border: none;\"><\/iframe>\n\n<\/div>\n<\/div>\n<\/div>","protected":false},"excerpt":{"rendered":"<p>To&nbsp;stop your electric service, please follow the steps listed below. Service requests received after 3pm will be processed the next business day. If you have any questions, please contact a Customer Service Representative at (423) 952-5000 or by emailing&nbsp;smarthub@brightridge.com. * Required Field<\/p>","protected":false},"author":1,"featured_media":0,"parent":557,"menu_order":0,"comment_status":"closed","ping_status":"closed","template":"","meta":{"_searchwp_excluded":"","scheme-type":"","footnotes":""},"wf_page_folders":[27],"class_list":["post-1574","page","type-page","status-publish","hentry"],"yoast_head":"<!-- This site is optimized with the Yoast SEO plugin v27.1.1 - https:\/\/yoast.com\/product\/yoast-seo-wordpress\/ -->\n<title>Stop Commercial Service<\/title>\n<meta name=\"description\" content=\"To&nbsp;stop your electric service, please follow the steps listed below. Service requests received after 3pm will be processed the next business day. If\" \/>\n<meta name=\"robots\" content=\"index, follow, max-snippet:-1, max-image-preview:large, max-video-preview:-1\" \/>\n<link rel=\"canonical\" href=\"https:\/\/www.brightridge.com\/es\/business-services\/manage\/stop-service\/\" \/>\n<meta property=\"og:locale\" content=\"es_ES\" \/>\n<meta property=\"og:type\" content=\"article\" \/>\n<meta property=\"og:title\" content=\"Stop Commercial Service\" \/>\n<meta property=\"og:description\" content=\"To&nbsp;stop your electric service, please follow the steps listed below. Service requests received after 3pm will be processed the next business day. If\" \/>\n<meta property=\"og:url\" content=\"https:\/\/www.brightridge.com\/es\/business-services\/manage\/stop-service\/\" \/>\n<meta property=\"og:site_name\" content=\"BrightRidge Electric\" \/>\n<meta property=\"article:publisher\" content=\"https:\/\/www.facebook.com\/YourBrightRidge\/?ref=ts\" \/>\n<meta property=\"article:modified_time\" content=\"2024-07-03T21:33:37+00:00\" \/>\n<meta name=\"twitter:card\" content=\"summary_large_image\" \/>\n<meta name=\"twitter:site\" content=\"@YourBrightRidge\" \/>\n<meta name=\"twitter:label1\" content=\"Tiempo de lectura\" \/>\n\t<meta name=\"twitter:data1\" content=\"1 minuto\" \/>\n<script type=\"application\/ld+json\" class=\"yoast-schema-graph\">{\"@context\":\"https:\/\/schema.org\",\"@graph\":[{\"@type\":\"WebPage\",\"@id\":\"https:\/\/www.brightridge.com\/business-services\/manage\/stop-service\/\",\"url\":\"https:\/\/www.brightridge.com\/business-services\/manage\/stop-service\/\",\"name\":\"Stop Commercial Service\",\"isPartOf\":{\"@id\":\"https:\/\/www.brightridge.com\/#website\"},\"datePublished\":\"2024-04-17T20:17:34+00:00\",\"dateModified\":\"2024-07-03T21:33:37+00:00\",\"description\":\"To&nbsp;stop your electric service, please follow the steps listed below. Service requests received after 3pm will be processed the next business day. If\",\"breadcrumb\":{\"@id\":\"https:\/\/www.brightridge.com\/business-services\/manage\/stop-service\/#breadcrumb\"},\"inLanguage\":\"es\",\"potentialAction\":[{\"@type\":\"ReadAction\",\"target\":[\"https:\/\/www.brightridge.com\/business-services\/manage\/stop-service\/\"]}]},{\"@type\":\"BreadcrumbList\",\"@id\":\"https:\/\/www.brightridge.com\/business-services\/manage\/stop-service\/#breadcrumb\",\"itemListElement\":[{\"@type\":\"ListItem\",\"position\":1,\"name\":\"Home\",\"item\":\"https:\/\/www.brightridge.com\/\"},{\"@type\":\"ListItem\",\"position\":2,\"name\":\"Business Services\",\"item\":\"https:\/\/www.brightridge.com\/business-services\/\"},{\"@type\":\"ListItem\",\"position\":3,\"name\":\"Manage Business Service\",\"item\":\"https:\/\/www.brightridge.com\/business-services\/manage\/\"},{\"@type\":\"ListItem\",\"position\":4,\"name\":\"Stop Commercial Service\"}]},{\"@type\":\"WebSite\",\"@id\":\"https:\/\/www.brightridge.com\/#website\",\"url\":\"https:\/\/www.brightridge.com\/\",\"name\":\"BrightRidge Electric\",\"description\":\"\",\"publisher\":{\"@id\":\"https:\/\/www.brightridge.com\/#organization\"},\"potentialAction\":[{\"@type\":\"SearchAction\",\"target\":{\"@type\":\"EntryPoint\",\"urlTemplate\":\"https:\/\/www.brightridge.com\/?s={search_term_string}\"},\"query-input\":{\"@type\":\"PropertyValueSpecification\",\"valueRequired\":true,\"valueName\":\"search_term_string\"}}],\"inLanguage\":\"es\"},{\"@type\":\"Organization\",\"@id\":\"https:\/\/www.brightridge.com\/#organization\",\"name\":\"BrightRidge Electric\",\"url\":\"https:\/\/www.brightridge.com\/\",\"logo\":{\"@type\":\"ImageObject\",\"inLanguage\":\"es\",\"@id\":\"https:\/\/www.brightridge.com\/#\/schema\/logo\/image\/\",\"url\":\"https:\/\/www.brightridge.com\/wp-content\/uploads\/2024\/02\/brightridge-logo-white.svg\",\"contentUrl\":\"https:\/\/www.brightridge.com\/wp-content\/uploads\/2024\/02\/brightridge-logo-white.svg\",\"caption\":\"BrightRidge Electric\"},\"image\":{\"@id\":\"https:\/\/www.brightridge.com\/#\/schema\/logo\/image\/\"},\"sameAs\":[\"https:\/\/www.facebook.com\/YourBrightRidge\/?ref=ts\",\"https:\/\/x.com\/YourBrightRidge\",\"https:\/\/www.linkedin.com\/company\/johnson-city-power-board\/\",\"https:\/\/www.youtube.com\/c\/BrightRidge\"]}]}<\/script>\n<!-- \/ Yoast SEO plugin. -->","yoast_head_json":{"title":"Detener servicio comercial","description":"Para detener su servicio el\u00e9ctrico, siga los pasos que se detallan a continuaci\u00f3n. Las solicitudes de servicio recibidas despu\u00e9s de las 3:00 p. m. se procesar\u00e1n el siguiente d\u00eda h\u00e1bil. Si","robots":{"index":"index","follow":"follow","max-snippet":"max-snippet:-1","max-image-preview":"max-image-preview:large","max-video-preview":"max-video-preview:-1"},"canonical":"https:\/\/www.brightridge.com\/es\/business-services\/manage\/stop-service\/","og_locale":"es_ES","og_type":"article","og_title":"Stop Commercial Service","og_description":"To&nbsp;stop your electric service, please follow the steps listed below. Service requests received after 3pm will be processed the next business day. If","og_url":"https:\/\/www.brightridge.com\/es\/business-services\/manage\/stop-service\/","og_site_name":"BrightRidge Electric","article_publisher":"https:\/\/www.facebook.com\/YourBrightRidge\/?ref=ts","article_modified_time":"2024-07-03T21:33:37+00:00","twitter_card":"summary_large_image","twitter_site":"@YourBrightRidge","twitter_misc":{"Tiempo de lectura":"1 minuto"},"schema":{"@context":"https:\/\/schema.org","@graph":[{"@type":"WebPage","@id":"https:\/\/www.brightridge.com\/business-services\/manage\/stop-service\/","url":"https:\/\/www.brightridge.com\/business-services\/manage\/stop-service\/","name":"Detener servicio comercial","isPartOf":{"@id":"https:\/\/www.brightridge.com\/#website"},"datePublished":"2024-04-17T20:17:34+00:00","dateModified":"2024-07-03T21:33:37+00:00","description":"Para detener su servicio el\u00e9ctrico, siga los pasos que se detallan a continuaci\u00f3n. Las solicitudes de servicio recibidas despu\u00e9s de las 3:00 p. m. se procesar\u00e1n el siguiente d\u00eda h\u00e1bil. Si","breadcrumb":{"@id":"https:\/\/www.brightridge.com\/business-services\/manage\/stop-service\/#breadcrumb"},"inLanguage":"es","potentialAction":[{"@type":"ReadAction","target":["https:\/\/www.brightridge.com\/business-services\/manage\/stop-service\/"]}]},{"@type":"BreadcrumbList","@id":"https:\/\/www.brightridge.com\/business-services\/manage\/stop-service\/#breadcrumb","itemListElement":[{"@type":"ListItem","position":1,"name":"Home","item":"https:\/\/www.brightridge.com\/"},{"@type":"ListItem","position":2,"name":"Business Services","item":"https:\/\/www.brightridge.com\/business-services\/"},{"@type":"ListItem","position":3,"name":"Manage Business Service","item":"https:\/\/www.brightridge.com\/business-services\/manage\/"},{"@type":"ListItem","position":4,"name":"Stop Commercial Service"}]},{"@type":"WebSite","@id":"https:\/\/www.brightridge.com\/#website","url":"https:\/\/www.brightridge.com\/","name":"BrightRidge El\u00e9ctrico","description":"","publisher":{"@id":"https:\/\/www.brightridge.com\/#organization"},"potentialAction":[{"@type":"SearchAction","target":{"@type":"EntryPoint","urlTemplate":"https:\/\/www.brightridge.com\/?s={search_term_string}"},"query-input":{"@type":"PropertyValueSpecification","valueRequired":true,"valueName":"search_term_string"}}],"inLanguage":"es"},{"@type":"Organization","@id":"https:\/\/www.brightridge.com\/#organization","name":"BrightRidge El\u00e9ctrico","url":"https:\/\/www.brightridge.com\/","logo":{"@type":"ImageObject","inLanguage":"es","@id":"https:\/\/www.brightridge.com\/#\/schema\/logo\/image\/","url":"https:\/\/www.brightridge.com\/wp-content\/uploads\/2024\/02\/brightridge-logo-white.svg","contentUrl":"https:\/\/www.brightridge.com\/wp-content\/uploads\/2024\/02\/brightridge-logo-white.svg","caption":"BrightRidge Electric"},"image":{"@id":"https:\/\/www.brightridge.com\/#\/schema\/logo\/image\/"},"sameAs":["https:\/\/www.facebook.com\/YourBrightRidge\/?ref=ts","https:\/\/x.com\/YourBrightRidge","https:\/\/www.linkedin.com\/company\/johnson-city-power-board\/","https:\/\/www.youtube.com\/c\/BrightRidge"]}]}},"_links":{"self":[{"href":"https:\/\/www.brightridge.com\/es\/wp-json\/wp\/v2\/pages\/1574","targetHints":{"allow":["GET"]}}],"collection":[{"href":"https:\/\/www.brightridge.com\/es\/wp-json\/wp\/v2\/pages"}],"about":[{"href":"https:\/\/www.brightridge.com\/es\/wp-json\/wp\/v2\/types\/page"}],"author":[{"embeddable":true,"href":"https:\/\/www.brightridge.com\/es\/wp-json\/wp\/v2\/users\/1"}],"replies":[{"embeddable":true,"href":"https:\/\/www.brightridge.com\/es\/wp-json\/wp\/v2\/comments?post=1574"}],"version-history":[{"count":0,"href":"https:\/\/www.brightridge.com\/es\/wp-json\/wp\/v2\/pages\/1574\/revisions"}],"up":[{"embeddable":true,"href":"https:\/\/www.brightridge.com\/es\/wp-json\/wp\/v2\/pages\/557"}],"wp:attachment":[{"href":"https:\/\/www.brightridge.com\/es\/wp-json\/wp\/v2\/media?parent=1574"}],"wp:term":[{"taxonomy":"wf_page_folders","embeddable":true,"href":"https:\/\/www.brightridge.com\/es\/wp-json\/wp\/v2\/wf_page_folders?post=1574"}],"curies":[{"name":"wp","href":"https:\/\/api.w.org\/{rel}","templated":true}]}}